{"id":44,"date":"2021-07-21T12:11:58","date_gmt":"2021-07-21T10:11:58","guid":{"rendered":"https:\/\/ambrosiafilm.test\/?page_id=44"},"modified":"2025-07-29T12:38:44","modified_gmt":"2025-07-29T10:38:44","slug":"ambrosiafilm","status":"publish","type":"page","link":"https:\/\/ambrosiafilm.de\/en\/ambrosiafilm\/","title":{"rendered":"Ambrosiafilm"},"content":{"rendered":"<h1>\n\t\t\tAmbrosiafilm\t<\/h1>\n<h3>\n\t\t\tAmbrosia Film\t<\/h3>\n\t<p>Ambrosia &#8211; der \u201eNektar der G\u00f6tter&#8220;, stammt aus der griechischen Mythologie.<\/p>\n<p>AMBROSIA war auch ein l\u00e4ngst untergegangener Staat in Italien, ein Asteroid, ist eine brasilianische Nachspeise; so hie\u00df au\u00dferdem Merlins Gro\u00dfmutter und der Hund des \u201eBrieftr\u00e4gers M\u00fcller&#8220;.<\/p>\n<p>Since then, it has been the synonym for the most beautiful things in life. Like lots of beautiful things they are not vital to life but what would the world be without wonderful stories coming to life? Especially those which are told in moving pictures.<\/p>\n<h3>\n\t\t\tAbout us\t<\/h3>\n\t<p>Ambrosia Film wurde von Halina Dyrschka in Berlin gegr\u00fcndet. Gleich die ersten Kurzfilme verbuchten zahlreiche Erfolge auf internationalen Filmfestivals. Von Kolumbien bis Teheran, von Berlin bis Hyderabad. Zudem konzentriert sich Halina Dyrschka, seit ihrem Deb\u00fct NEUNEINHALBS ABSCHIED, verst\u00e4rkt auf die Regiearbeit. Die Filme gewannen zahlreiche Preise, u.a. den \u201eFriedrich-Wilhelm-Murnau-Preis&#8220;, \u201eDeutschen H\u00f6rfilmpreis&#8220; und den \u201eVFF-Produzentenpreis&#8220;.\u00a0 Der Dokumentarfilm JENSEITS DES SICHTBAREN \u00fcber die schwedische Malerin Hilma af Klint, wurde auf \u00fcber 40 Filmfestivals gezeigt und wurde von der New York Times zu den besten Filmen des Jahres 2020 gez\u00e4hlt.<\/p>","protected":false},"excerpt":{"rendered":"<p>Ambrosiafilm Philosophie Ambrosia &#8211; der \u201eNektar der G\u00f6tter&#8220;, stammt aus der griechischen Mythologie. AMBROSIA war auch ein l\u00e4ngst untergegangener Staat in Italien, ein Asteroid, ist eine brasilianische Nachspeise; so hie\u00df au\u00dferdem Merlins Gro\u00dfmutter und der Hund des \u201eBrieftr\u00e4gers M\u00fcller&#8220;. Seit jeher wurde er als Synonym f\u00fcr alles Sch\u00f6ne verwendet. Von diesem Nektar r\u00fchrt die Unsterblichkeit [&hellip;]<\/p>\n","protected":false},"author":1,"featured_media":0,"parent":0,"menu_order":0,"comment_status":"closed","ping_status":"closed","template":"","meta":{"_acf_changed":false,"site-sidebar-layout":"no-sidebar","site-content-layout":"page-builder","ast-site-content-layout":"default","site-content-style":"default","site-sidebar-style":"default","ast-global-header-display":"","ast-banner-title-visibility":"","ast-main-header-display":"","ast-hfb-above-header-display":"","ast-hfb-below-header-display":"","ast-hfb-mobile-header-display":"","site-post-title":"disabled","ast-breadcrumbs-content":"","ast-featured-img":"disabled","footer-sml-layout":"","ast-disable-related-posts":"","theme-transparent-header-meta":"default","adv-header-id-meta":"","stick-header-meta":"default","header-above-stick-meta":"","header-main-stick-meta":"","header-below-stick-meta":"","astra-migrate-meta-layouts":"default","ast-page-background-enabled":"default","ast-page-background-meta":{"desktop":{"background-color":"var(--ast-global-color-4)","background-image":"","background-repeat":"repeat","background-position":"center center","background-size":"auto","background-attachment":"scroll","background-type":"","background-media":"","overlay-type":"","overlay-color":"","overlay-opacity":"","overlay-gradient":""},"tablet":{"background-color":"","background-image":"","background-repeat":"repeat","background-position":"center center","background-size":"auto","background-attachment":"scroll","background-type":"","background-media":"","overlay-type":"","overlay-color":"","overlay-opacity":"","overlay-gradient":""},"mobile":{"background-color":"","background-image":"","background-repeat":"repeat","background-position":"center center","background-size":"auto","background-attachment":"scroll","background-type":"","background-media":"","overlay-type":"","overlay-color":"","overlay-opacity":"","overlay-gradient":""}},"ast-content-background-meta":{"desktop":{"background-color":"var(--ast-global-color-5)","background-image":"","background-repeat":"repeat","background-position":"center center","background-size":"auto","background-attachment":"scroll","background-type":"","background-media":"","overlay-type":"","overlay-color":"","overlay-opacity":"","overlay-gradient":""},"tablet":{"background-color":"var(--ast-global-color-5)","background-image":"","background-repeat":"repeat","background-position":"center center","background-size":"auto","background-attachment":"scroll","background-type":"","background-media":"","overlay-type":"","overlay-color":"","overlay-opacity":"","overlay-gradient":""},"mobile":{"background-color":"var(--ast-global-color-5)","background-image":"","background-repeat":"repeat","background-position":"center center","background-size":"auto","background-attachment":"scroll","background-type":"","background-media":"","overlay-type":"","overlay-color":"","overlay-opacity":"","overlay-gradient":""}},"footnotes":""},"class_list":["post-44","page","type-page","status-publish","hentry"],"acf":[],"yoast_head":"<!-- This site is optimized with the Yoast SEO plugin v27.3 - https:\/\/yoast.com\/product\/yoast-seo-wordpress\/ -->\n<title>Ambrosiafilm - Ambrosiafilm<\/title>\n<meta name=\"robots\" content=\"index, follow, max-snippet:-1, max-image-preview:large, max-video-preview:-1\" \/>\n<link rel=\"canonical\" href=\"https:\/\/ambrosiafilm.de\/en\/ambrosiafilm\/\" \/>\n<meta property=\"og:locale\" content=\"en_GB\" \/>\n<meta property=\"og:type\" content=\"article\" \/>\n<meta property=\"og:title\" content=\"Ambrosiafilm - Ambrosiafilm\" \/>\n<meta property=\"og:description\" content=\"Ambrosiafilm Philosophie Ambrosia &#8211; der \u201eNektar der G\u00f6tter&#8220;, stammt aus der griechischen Mythologie. AMBROSIA war auch ein l\u00e4ngst untergegangener Staat in Italien, ein Asteroid, ist eine brasilianische Nachspeise; so hie\u00df au\u00dferdem Merlins Gro\u00dfmutter und der Hund des \u201eBrieftr\u00e4gers M\u00fcller&#8220;. Seit jeher wurde er als Synonym f\u00fcr alles Sch\u00f6ne verwendet. Von diesem Nektar r\u00fchrt die Unsterblichkeit [&hellip;]\" \/>\n<meta property=\"og:url\" content=\"https:\/\/ambrosiafilm.de\/en\/ambrosiafilm\/\" \/>\n<meta property=\"og:site_name\" content=\"Ambrosiafilm\" \/>\n<meta property=\"article:modified_time\" content=\"2025-07-29T10:38:44+00:00\" \/>\n<meta name=\"twitter:card\" content=\"summary_large_image\" \/>\n<meta name=\"twitter:label1\" content=\"Estimated reading time\" \/>\n\t<meta name=\"twitter:data1\" content=\"1 minute\" \/>\n<script type=\"application\/ld+json\" class=\"yoast-schema-graph\">{\"@context\":\"https:\\\/\\\/schema.org\",\"@graph\":[{\"@type\":\"WebPage\",\"@id\":\"https:\\\/\\\/ambrosiafilm.de\\\/ambrosiafilm\\\/\",\"url\":\"https:\\\/\\\/ambrosiafilm.de\\\/ambrosiafilm\\\/\",\"name\":\"Ambrosiafilm - Ambrosiafilm\",\"isPartOf\":{\"@id\":\"https:\\\/\\\/ambrosiafilm.de\\\/#website\"},\"datePublished\":\"2021-07-21T10:11:58+00:00\",\"dateModified\":\"2025-07-29T10:38:44+00:00\",\"breadcrumb\":{\"@id\":\"https:\\\/\\\/ambrosiafilm.de\\\/ambrosiafilm\\\/#breadcrumb\"},\"inLanguage\":\"en-GB\",\"potentialAction\":[{\"@type\":\"ReadAction\",\"target\":[\"https:\\\/\\\/ambrosiafilm.de\\\/ambrosiafilm\\\/\"]}]},{\"@type\":\"BreadcrumbList\",\"@id\":\"https:\\\/\\\/ambrosiafilm.de\\\/ambrosiafilm\\\/#breadcrumb\",\"itemListElement\":[{\"@type\":\"ListItem\",\"position\":1,\"name\":\"Startseite\",\"item\":\"https:\\\/\\\/ambrosiafilm.de\\\/\"},{\"@type\":\"ListItem\",\"position\":2,\"name\":\"Ambrosiafilm\"}]},{\"@type\":\"WebSite\",\"@id\":\"https:\\\/\\\/ambrosiafilm.de\\\/#website\",\"url\":\"https:\\\/\\\/ambrosiafilm.de\\\/\",\"name\":\"Ambrosiafilm\",\"description\":\"Filmproduktion aus Berlin\",\"publisher\":{\"@id\":\"https:\\\/\\\/ambrosiafilm.de\\\/#organization\"},\"potentialAction\":[{\"@type\":\"SearchAction\",\"target\":{\"@type\":\"EntryPoint\",\"urlTemplate\":\"https:\\\/\\\/ambrosiafilm.de\\\/?s={search_term_string}\"},\"query-input\":{\"@type\":\"PropertyValueSpecification\",\"valueRequired\":true,\"valueName\":\"search_term_string\"}}],\"inLanguage\":\"en-GB\"},{\"@type\":\"Organization\",\"@id\":\"https:\\\/\\\/ambrosiafilm.de\\\/#organization\",\"name\":\"Ambrosiafilm\",\"url\":\"https:\\\/\\\/ambrosiafilm.de\\\/\",\"logo\":{\"@type\":\"ImageObject\",\"inLanguage\":\"en-GB\",\"@id\":\"https:\\\/\\\/ambrosiafilm.de\\\/#\\\/schema\\\/logo\\\/image\\\/\",\"url\":\"https:\\\/\\\/ambrosiafilm.de\\\/wp-content\\\/uploads\\\/2021\\\/07\\\/ambrosia-logo-web.svg\",\"contentUrl\":\"https:\\\/\\\/ambrosiafilm.de\\\/wp-content\\\/uploads\\\/2021\\\/07\\\/ambrosia-logo-web.svg\",\"width\":566,\"height\":155,\"caption\":\"Ambrosiafilm\"},\"image\":{\"@id\":\"https:\\\/\\\/ambrosiafilm.de\\\/#\\\/schema\\\/logo\\\/image\\\/\"}}]}<\/script>\n<!-- \/ Yoast SEO plugin. -->","yoast_head_json":{"title":"Ambrosiafilm - Ambrosiafilm","robots":{"index":"index","follow":"follow","max-snippet":"max-snippet:-1","max-image-preview":"max-image-preview:large","max-video-preview":"max-video-preview:-1"},"canonical":"https:\/\/ambrosiafilm.de\/en\/ambrosiafilm\/","og_locale":"en_GB","og_type":"article","og_title":"Ambrosiafilm - Ambrosiafilm","og_description":"Ambrosiafilm Philosophie Ambrosia &#8211; der \u201eNektar der G\u00f6tter&#8220;, stammt aus der griechischen Mythologie. AMBROSIA war auch ein l\u00e4ngst untergegangener Staat in Italien, ein Asteroid, ist eine brasilianische Nachspeise; so hie\u00df au\u00dferdem Merlins Gro\u00dfmutter und der Hund des \u201eBrieftr\u00e4gers M\u00fcller&#8220;. Seit jeher wurde er als Synonym f\u00fcr alles Sch\u00f6ne verwendet. Von diesem Nektar r\u00fchrt die Unsterblichkeit [&hellip;]","og_url":"https:\/\/ambrosiafilm.de\/en\/ambrosiafilm\/","og_site_name":"Ambrosiafilm","article_modified_time":"2025-07-29T10:38:44+00:00","twitter_card":"summary_large_image","twitter_misc":{"Estimated reading time":"1 minute"},"schema":{"@context":"https:\/\/schema.org","@graph":[{"@type":"WebPage","@id":"https:\/\/ambrosiafilm.de\/ambrosiafilm\/","url":"https:\/\/ambrosiafilm.de\/ambrosiafilm\/","name":"Ambrosiafilm - Ambrosiafilm","isPartOf":{"@id":"https:\/\/ambrosiafilm.de\/#website"},"datePublished":"2021-07-21T10:11:58+00:00","dateModified":"2025-07-29T10:38:44+00:00","breadcrumb":{"@id":"https:\/\/ambrosiafilm.de\/ambrosiafilm\/#breadcrumb"},"inLanguage":"en-GB","potentialAction":[{"@type":"ReadAction","target":["https:\/\/ambrosiafilm.de\/ambrosiafilm\/"]}]},{"@type":"BreadcrumbList","@id":"https:\/\/ambrosiafilm.de\/ambrosiafilm\/#breadcrumb","itemListElement":[{"@type":"ListItem","position":1,"name":"Startseite","item":"https:\/\/ambrosiafilm.de\/"},{"@type":"ListItem","position":2,"name":"Ambrosiafilm"}]},{"@type":"WebSite","@id":"https:\/\/ambrosiafilm.de\/#website","url":"https:\/\/ambrosiafilm.de\/","name":"Ambrosiafilm","description":"Berlin film production","publisher":{"@id":"https:\/\/ambrosiafilm.de\/#organization"},"potentialAction":[{"@type":"SearchAction","target":{"@type":"EntryPoint","urlTemplate":"https:\/\/ambrosiafilm.de\/?s={search_term_string}"},"query-input":{"@type":"PropertyValueSpecification","valueRequired":true,"valueName":"search_term_string"}}],"inLanguage":"en-GB"},{"@type":"Organization","@id":"https:\/\/ambrosiafilm.de\/#organization","name":"Ambrosiafilm","url":"https:\/\/ambrosiafilm.de\/","logo":{"@type":"ImageObject","inLanguage":"en-GB","@id":"https:\/\/ambrosiafilm.de\/#\/schema\/logo\/image\/","url":"https:\/\/ambrosiafilm.de\/wp-content\/uploads\/2021\/07\/ambrosia-logo-web.svg","contentUrl":"https:\/\/ambrosiafilm.de\/wp-content\/uploads\/2021\/07\/ambrosia-logo-web.svg","width":566,"height":155,"caption":"Ambrosiafilm"},"image":{"@id":"https:\/\/ambrosiafilm.de\/#\/schema\/logo\/image\/"}}]}},"_links":{"self":[{"href":"https:\/\/ambrosiafilm.de\/en\/wp-json\/wp\/v2\/pages\/44","targetHints":{"allow":["GET"]}}],"collection":[{"href":"https:\/\/ambrosiafilm.de\/en\/wp-json\/wp\/v2\/pages"}],"about":[{"href":"https:\/\/ambrosiafilm.de\/en\/wp-json\/wp\/v2\/types\/page"}],"author":[{"embeddable":true,"href":"https:\/\/ambrosiafilm.de\/en\/wp-json\/wp\/v2\/users\/1"}],"replies":[{"embeddable":true,"href":"https:\/\/ambrosiafilm.de\/en\/wp-json\/wp\/v2\/comments?post=44"}],"version-history":[{"count":27,"href":"https:\/\/ambrosiafilm.de\/en\/wp-json\/wp\/v2\/pages\/44\/revisions"}],"predecessor-version":[{"id":949,"href":"https:\/\/ambrosiafilm.de\/en\/wp-json\/wp\/v2\/pages\/44\/revisions\/949"}],"wp:attachment":[{"href":"https:\/\/ambrosiafilm.de\/en\/wp-json\/wp\/v2\/media?parent=44"}],"curies":[{"name":"wp","href":"https:\/\/api.w.org\/{rel}","templated":true}]}}