{"id":38,"date":"2021-07-21T12:11:24","date_gmt":"2021-07-21T10:11:24","guid":{"rendered":"https:\/\/ambrosiafilm.test\/?page_id=38"},"modified":"2025-07-21T18:25:26","modified_gmt":"2025-07-21T16:25:26","slug":"impressum","status":"publish","type":"page","link":"https:\/\/ambrosiafilm.de\/en\/impressum\/","title":{"rendered":"Imprint"},"content":{"rendered":"<h1>\n\t\t\tImprint\t<\/h1>\n\t<h3>Ambrosia Film GmbH<\/h3>\nMehringdamm 99<br \/>\n10965 Berlin\nTelefon: +49 30 81 82 16 16<br \/>\nFax: +49 30 61 67 59 55<br \/>\nE-Mail:\u00a0<a>info@ambrosiafilm.de<\/a>\n<p><a href=\"http:\/\/www.ambrosia.de\/\" target=\"_blank\" rel=\"noopener\">www.ambrosiafilm.de<\/a><\/p>\nAmtsgericht: Berlin-Charlottenburg<br \/>\nHRB 164476\n<p>Gesch\u00e4ftsf\u00fchrer: Halina Dyrschka<\/p>\n<h3>Website-Programmierung:<\/h3>\nMaiNetCare GmbH<br \/>\n<img decoding=\"async\" role=\"img\" draggable=\"false\" src=\"https:\/\/s.w.org\/images\/core\/emoji\/15.1.0\/svg\/1f469-200d-1f33e.svg\" alt=\"\ud83d\udc69\u200d\ud83c\udf3e\" \/> Ihre Website-G\u00e4rtner<br \/>\n<a href=\"https:\/\/mainetcare.de\" target=\"_blank\" rel=\"noopener\">Websites &amp; Care<\/a>\n\t<h3>Contents of the website<\/h3>\n<p class=\"translation-block\">The contents of this website were written with due diligence and by the author\u2019s best knowledge. We can be held liable only by general laws, especially for our own contents acc. \u00a7 7 TMG (German law on tele-media) and for external contents acc. \u00a7\u00a7 8 \u2013 10 TMG. As a Provider of tele-media we can be held liable for external contents only once we have knowledge of a concrete infringement of law. We reserve the right to change or delete contents of this webpage which are not subject to any contractual obligation.<\/p>\n<h3>Links on external Websites<\/h3>\n<p>Inhalte fremder Webseiten, auf die wir direkt oder indirekt verweisen (durch \u201eHyperlinks&#8220; oder \u201eDeeplinks&#8220;), liegen au\u00dferhalb unseres Verantwortungsbereiches und machen wir uns nicht zu Eigen. Zum Zeitpunkt der Linksetzung waren f\u00fcr uns keine illegalen Inhalte auf den verlinkten Webseiten erkennbar. Da wir auf die aktuelle und zuk\u00fcnftige Gestaltung die Inhalte der verlinkten Webseiten keinerlei Einfluss haben, distanzieren wir uns ausdr\u00fccklich von allen Inhalten verlinkter Webseiten, die nach der Linksetzung ver\u00e4ndert wurden. F\u00fcr alle Inhalte und insbesondere f\u00fcr Sch\u00e4den, die aus der Nutzung der in den verlinkten Webseiten aufrufbaren Informationen entstehen, haftet allein der Anbieter der Seite, auf welche verlinkt wurde. Erhalten wir von illegalen, rechtswidrigen oder fehlerhaften Inhalten auf Webseiten Kenntnis, die wir verlinken, werden wir die Verlinkung aufheben.<\/p>\n<h3>Intellectual property rights<\/h3>\n<p>All content of this website, especially texts, pictures, images, graphical presentations, music, trademarks, brands and so forth, are subject to copyright laws. The use, reproduction and so on are subject to the individual rights of the respective owner of the copyright or administrator of these rights. If you want to use such content, please let us know and we will establish contact with the respective owner\/administrator.<\/p>","protected":false},"excerpt":{"rendered":"<p>Impressum Ambrosia Film GmbH Mehringdamm 99 10965 Berlin Telefon: +49 30 81 82 16 16 Fax: +49 30 61 67 59 55 E-Mail:\u00a0info@ambrosiafilm.de www.ambrosiafilm.de Amtsgericht: Berlin-Charlottenburg HRB 164476 Gesch\u00e4ftsf\u00fchrer: Halina Dyrschka Website-Programmierung: MaiNetCare GmbH Ihre Website-G\u00e4rtner Websites &amp; Website-Pflege Inhalt der Webseite Die Inhalte dieser Webseite wurden sorgf\u00e4ltig und nach aktuellem Kenntnisstand des Autors erstellt. [&hellip;]<\/p>\n","protected":false},"author":1,"featured_media":0,"parent":0,"menu_order":0,"comment_status":"closed","ping_status":"closed","template":"","meta":{"_acf_changed":false,"site-sidebar-layout":"no-sidebar","site-content-layout":"page-builder","ast-site-content-layout":"default","site-content-style":"default","site-sidebar-style":"default","ast-global-header-display":"","ast-banner-title-visibility":"","ast-main-header-display":"","ast-hfb-above-header-display":"","ast-hfb-below-header-display":"","ast-hfb-mobile-header-display":"","site-post-title":"disabled","ast-breadcrumbs-content":"","ast-featured-img":"disabled","footer-sml-layout":"","ast-disable-related-posts":"","theme-transparent-header-meta":"default","adv-header-id-meta":"","stick-header-meta":"default","header-above-stick-meta":"","header-main-stick-meta":"","header-below-stick-meta":"","astra-migrate-meta-layouts":"default","ast-page-background-enabled":"default","ast-page-background-meta":{"desktop":{"background-color":"var(--ast-global-color-4)","background-image":"","background-repeat":"repeat","background-position":"center center","background-size":"auto","background-attachment":"scroll","background-type":"","background-media":"","overlay-type":"","overlay-color":"","overlay-opacity":"","overlay-gradient":""},"tablet":{"background-color":"","background-image":"","background-repeat":"repeat","background-position":"center center","background-size":"auto","background-attachment":"scroll","background-type":"","background-media":"","overlay-type":"","overlay-color":"","overlay-opacity":"","overlay-gradient":""},"mobile":{"background-color":"","background-image":"","background-repeat":"repeat","background-position":"center center","background-size":"auto","background-attachment":"scroll","background-type":"","background-media":"","overlay-type":"","overlay-color":"","overlay-opacity":"","overlay-gradient":""}},"ast-content-background-meta":{"desktop":{"background-color":"var(--ast-global-color-5)","background-image":"","background-repeat":"repeat","background-position":"center center","background-size":"auto","background-attachment":"scroll","background-type":"","background-media":"","overlay-type":"","overlay-color":"","overlay-opacity":"","overlay-gradient":""},"tablet":{"background-color":"var(--ast-global-color-5)","background-image":"","background-repeat":"repeat","background-position":"center center","background-size":"auto","background-attachment":"scroll","background-type":"","background-media":"","overlay-type":"","overlay-color":"","overlay-opacity":"","overlay-gradient":""},"mobile":{"background-color":"var(--ast-global-color-5)","background-image":"","background-repeat":"repeat","background-position":"center center","background-size":"auto","background-attachment":"scroll","background-type":"","background-media":"","overlay-type":"","overlay-color":"","overlay-opacity":"","overlay-gradient":""}},"footnotes":""},"class_list":["post-38","page","type-page","status-publish","hentry"],"acf":[],"yoast_head":"<!-- This site is optimized with the Yoast SEO plugin v27.3 - https:\/\/yoast.com\/product\/yoast-seo-wordpress\/ -->\n<title>Impressum - Ambrosiafilm<\/title>\n<meta name=\"robots\" content=\"index, follow, max-snippet:-1, max-image-preview:large, max-video-preview:-1\" \/>\n<link rel=\"canonical\" href=\"https:\/\/ambrosiafilm.de\/en\/impressum\/\" \/>\n<meta property=\"og:locale\" content=\"en_GB\" \/>\n<meta property=\"og:type\" content=\"article\" \/>\n<meta property=\"og:title\" content=\"Impressum - Ambrosiafilm\" \/>\n<meta property=\"og:description\" content=\"Impressum Ambrosia Film GmbH Mehringdamm 99 10965 Berlin Telefon: +49 30 81 82 16 16 Fax: +49 30 61 67 59 55 E-Mail:\u00a0info@ambrosiafilm.de www.ambrosiafilm.de Amtsgericht: Berlin-Charlottenburg HRB 164476 Gesch\u00e4ftsf\u00fchrer: Halina Dyrschka Website-Programmierung: MaiNetCare GmbH Ihre Website-G\u00e4rtner Websites &amp; Website-Pflege Inhalt der Webseite Die Inhalte dieser Webseite wurden sorgf\u00e4ltig und nach aktuellem Kenntnisstand des Autors erstellt. [&hellip;]\" \/>\n<meta property=\"og:url\" content=\"https:\/\/ambrosiafilm.de\/en\/impressum\/\" \/>\n<meta property=\"og:site_name\" content=\"Ambrosiafilm\" \/>\n<meta property=\"article:modified_time\" content=\"2025-07-21T16:25:26+00:00\" \/>\n<meta property=\"og:image\" content=\"https:\/\/s.w.org\/images\/core\/emoji\/15.1.0\/svg\/1f469-200d-1f33e.svg\" \/>\n<meta name=\"twitter:card\" content=\"summary_large_image\" \/>\n<meta name=\"twitter:label1\" content=\"Estimated reading time\" \/>\n\t<meta name=\"twitter:data1\" content=\"1 minute\" \/>\n<script type=\"application\/ld+json\" class=\"yoast-schema-graph\">{\"@context\":\"https:\\\/\\\/schema.org\",\"@graph\":[{\"@type\":\"WebPage\",\"@id\":\"https:\\\/\\\/ambrosiafilm.de\\\/impressum\\\/\",\"url\":\"https:\\\/\\\/ambrosiafilm.de\\\/impressum\\\/\",\"name\":\"Impressum - Ambrosiafilm\",\"isPartOf\":{\"@id\":\"https:\\\/\\\/ambrosiafilm.de\\\/#website\"},\"primaryImageOfPage\":{\"@id\":\"https:\\\/\\\/ambrosiafilm.de\\\/impressum\\\/#primaryimage\"},\"image\":{\"@id\":\"https:\\\/\\\/ambrosiafilm.de\\\/impressum\\\/#primaryimage\"},\"thumbnailUrl\":\"https:\\\/\\\/s.w.org\\\/images\\\/core\\\/emoji\\\/15.1.0\\\/svg\\\/1f469-200d-1f33e.svg\",\"datePublished\":\"2021-07-21T10:11:24+00:00\",\"dateModified\":\"2025-07-21T16:25:26+00:00\",\"breadcrumb\":{\"@id\":\"https:\\\/\\\/ambrosiafilm.de\\\/impressum\\\/#breadcrumb\"},\"inLanguage\":\"en-GB\",\"potentialAction\":[{\"@type\":\"ReadAction\",\"target\":[\"https:\\\/\\\/ambrosiafilm.de\\\/impressum\\\/\"]}]},{\"@type\":\"ImageObject\",\"inLanguage\":\"en-GB\",\"@id\":\"https:\\\/\\\/ambrosiafilm.de\\\/impressum\\\/#primaryimage\",\"url\":\"https:\\\/\\\/s.w.org\\\/images\\\/core\\\/emoji\\\/15.1.0\\\/svg\\\/1f469-200d-1f33e.svg\",\"contentUrl\":\"https:\\\/\\\/s.w.org\\\/images\\\/core\\\/emoji\\\/15.1.0\\\/svg\\\/1f469-200d-1f33e.svg\"},{\"@type\":\"BreadcrumbList\",\"@id\":\"https:\\\/\\\/ambrosiafilm.de\\\/impressum\\\/#breadcrumb\",\"itemListElement\":[{\"@type\":\"ListItem\",\"position\":1,\"name\":\"Startseite\",\"item\":\"https:\\\/\\\/ambrosiafilm.de\\\/\"},{\"@type\":\"ListItem\",\"position\":2,\"name\":\"Impressum\"}]},{\"@type\":\"WebSite\",\"@id\":\"https:\\\/\\\/ambrosiafilm.de\\\/#website\",\"url\":\"https:\\\/\\\/ambrosiafilm.de\\\/\",\"name\":\"Ambrosiafilm\",\"description\":\"Filmproduktion aus Berlin\",\"publisher\":{\"@id\":\"https:\\\/\\\/ambrosiafilm.de\\\/#organization\"},\"potentialAction\":[{\"@type\":\"SearchAction\",\"target\":{\"@type\":\"EntryPoint\",\"urlTemplate\":\"https:\\\/\\\/ambrosiafilm.de\\\/?s={search_term_string}\"},\"query-input\":{\"@type\":\"PropertyValueSpecification\",\"valueRequired\":true,\"valueName\":\"search_term_string\"}}],\"inLanguage\":\"en-GB\"},{\"@type\":\"Organization\",\"@id\":\"https:\\\/\\\/ambrosiafilm.de\\\/#organization\",\"name\":\"Ambrosiafilm\",\"url\":\"https:\\\/\\\/ambrosiafilm.de\\\/\",\"logo\":{\"@type\":\"ImageObject\",\"inLanguage\":\"en-GB\",\"@id\":\"https:\\\/\\\/ambrosiafilm.de\\\/#\\\/schema\\\/logo\\\/image\\\/\",\"url\":\"https:\\\/\\\/ambrosiafilm.de\\\/wp-content\\\/uploads\\\/2021\\\/07\\\/ambrosia-logo-web.svg\",\"contentUrl\":\"https:\\\/\\\/ambrosiafilm.de\\\/wp-content\\\/uploads\\\/2021\\\/07\\\/ambrosia-logo-web.svg\",\"width\":566,\"height\":155,\"caption\":\"Ambrosiafilm\"},\"image\":{\"@id\":\"https:\\\/\\\/ambrosiafilm.de\\\/#\\\/schema\\\/logo\\\/image\\\/\"}}]}<\/script>\n<!-- \/ Yoast SEO plugin. -->","yoast_head_json":{"title":"Impressum - Ambrosiafilm","robots":{"index":"index","follow":"follow","max-snippet":"max-snippet:-1","max-image-preview":"max-image-preview:large","max-video-preview":"max-video-preview:-1"},"canonical":"https:\/\/ambrosiafilm.de\/en\/impressum\/","og_locale":"en_GB","og_type":"article","og_title":"Impressum - Ambrosiafilm","og_description":"Impressum Ambrosia Film GmbH Mehringdamm 99 10965 Berlin Telefon: +49 30 81 82 16 16 Fax: +49 30 61 67 59 55 E-Mail:\u00a0info@ambrosiafilm.de www.ambrosiafilm.de Amtsgericht: Berlin-Charlottenburg HRB 164476 Gesch\u00e4ftsf\u00fchrer: Halina Dyrschka Website-Programmierung: MaiNetCare GmbH Ihre Website-G\u00e4rtner Websites &amp; Website-Pflege Inhalt der Webseite Die Inhalte dieser Webseite wurden sorgf\u00e4ltig und nach aktuellem Kenntnisstand des Autors erstellt. [&hellip;]","og_url":"https:\/\/ambrosiafilm.de\/en\/impressum\/","og_site_name":"Ambrosiafilm","article_modified_time":"2025-07-21T16:25:26+00:00","og_image":[{"url":"https:\/\/s.w.org\/images\/core\/emoji\/15.1.0\/svg\/1f469-200d-1f33e.svg","type":"","width":"","height":""}],"twitter_card":"summary_large_image","twitter_misc":{"Estimated reading time":"1 minute"},"schema":{"@context":"https:\/\/schema.org","@graph":[{"@type":"WebPage","@id":"https:\/\/ambrosiafilm.de\/impressum\/","url":"https:\/\/ambrosiafilm.de\/impressum\/","name":"Impressum - Ambrosiafilm","isPartOf":{"@id":"https:\/\/ambrosiafilm.de\/#website"},"primaryImageOfPage":{"@id":"https:\/\/ambrosiafilm.de\/impressum\/#primaryimage"},"image":{"@id":"https:\/\/ambrosiafilm.de\/impressum\/#primaryimage"},"thumbnailUrl":"https:\/\/s.w.org\/images\/core\/emoji\/15.1.0\/svg\/1f469-200d-1f33e.svg","datePublished":"2021-07-21T10:11:24+00:00","dateModified":"2025-07-21T16:25:26+00:00","breadcrumb":{"@id":"https:\/\/ambrosiafilm.de\/impressum\/#breadcrumb"},"inLanguage":"en-GB","potentialAction":[{"@type":"ReadAction","target":["https:\/\/ambrosiafilm.de\/impressum\/"]}]},{"@type":"ImageObject","inLanguage":"en-GB","@id":"https:\/\/ambrosiafilm.de\/impressum\/#primaryimage","url":"https:\/\/s.w.org\/images\/core\/emoji\/15.1.0\/svg\/1f469-200d-1f33e.svg","contentUrl":"https:\/\/s.w.org\/images\/core\/emoji\/15.1.0\/svg\/1f469-200d-1f33e.svg"},{"@type":"BreadcrumbList","@id":"https:\/\/ambrosiafilm.de\/impressum\/#breadcrumb","itemListElement":[{"@type":"ListItem","position":1,"name":"Startseite","item":"https:\/\/ambrosiafilm.de\/"},{"@type":"ListItem","position":2,"name":"Impressum"}]},{"@type":"WebSite","@id":"https:\/\/ambrosiafilm.de\/#website","url":"https:\/\/ambrosiafilm.de\/","name":"Ambrosiafilm","description":"Berlin film production","publisher":{"@id":"https:\/\/ambrosiafilm.de\/#organization"},"potentialAction":[{"@type":"SearchAction","target":{"@type":"EntryPoint","urlTemplate":"https:\/\/ambrosiafilm.de\/?s={search_term_string}"},"query-input":{"@type":"PropertyValueSpecification","valueRequired":true,"valueName":"search_term_string"}}],"inLanguage":"en-GB"},{"@type":"Organization","@id":"https:\/\/ambrosiafilm.de\/#organization","name":"Ambrosiafilm","url":"https:\/\/ambrosiafilm.de\/","logo":{"@type":"ImageObject","inLanguage":"en-GB","@id":"https:\/\/ambrosiafilm.de\/#\/schema\/logo\/image\/","url":"https:\/\/ambrosiafilm.de\/wp-content\/uploads\/2021\/07\/ambrosia-logo-web.svg","contentUrl":"https:\/\/ambrosiafilm.de\/wp-content\/uploads\/2021\/07\/ambrosia-logo-web.svg","width":566,"height":155,"caption":"Ambrosiafilm"},"image":{"@id":"https:\/\/ambrosiafilm.de\/#\/schema\/logo\/image\/"}}]}},"_links":{"self":[{"href":"https:\/\/ambrosiafilm.de\/en\/wp-json\/wp\/v2\/pages\/38","targetHints":{"allow":["GET"]}}],"collection":[{"href":"https:\/\/ambrosiafilm.de\/en\/wp-json\/wp\/v2\/pages"}],"about":[{"href":"https:\/\/ambrosiafilm.de\/en\/wp-json\/wp\/v2\/types\/page"}],"author":[{"embeddable":true,"href":"https:\/\/ambrosiafilm.de\/en\/wp-json\/wp\/v2\/users\/1"}],"replies":[{"embeddable":true,"href":"https:\/\/ambrosiafilm.de\/en\/wp-json\/wp\/v2\/comments?post=38"}],"version-history":[{"count":7,"href":"https:\/\/ambrosiafilm.de\/en\/wp-json\/wp\/v2\/pages\/38\/revisions"}],"predecessor-version":[{"id":940,"href":"https:\/\/ambrosiafilm.de\/en\/wp-json\/wp\/v2\/pages\/38\/revisions\/940"}],"wp:attachment":[{"href":"https:\/\/ambrosiafilm.de\/en\/wp-json\/wp\/v2\/media?parent=38"}],"curies":[{"name":"wp","href":"https:\/\/api.w.org\/{rel}","templated":true}]}}